{"id":601,"date":"2022-08-03T15:04:05","date_gmt":"2022-08-03T13:04:05","guid":{"rendered":"https:\/\/www.reinvirtuell.de\/Schmidt-Schule-Wordpress\/?page_id=601"},"modified":"2025-12-09T16:12:04","modified_gmt":"2025-12-09T15:12:04","slug":"schuelerinnen","status":"publish","type":"page","link":"https:\/\/schmidtschule.schule\/en\/schuelerinnen\/","title":{"rendered":"Students"},"content":{"rendered":"<p>[et_pb_section fb_built=&#8220;1&#8243; custom_padding_last_edited=&#8220;off|desktop&#8220; admin_label=&#8220;Header&#8220; _builder_version=&#8220;4.27.4&#8243; _module_preset=&#8220;default&#8220; background_enable_color=&#8220;off&#8220; background_image=&#8220;https:\/\/schmidtschule.schule\/wp-content\/uploads\/2022\/09\/Schulversammlung-August-2022.jpg&#8220; height=&#8220;470px&#8220; custom_padding=&#8220;0px||0px||true|false&#8220; custom_padding_tablet=&#8220;0px||||false|false&#8220; locked=&#8220;off&#8220; global_colors_info=&#8220;{}&#8220;][\/et_pb_section][et_pb_section fb_built=&#8220;1&#8243; admin_label=&#8220;About&#8220; _builder_version=&#8220;4.17.6&#8243; height=&#8220;100px&#8220; global_colors_info=&#8220;{}&#8220;][et_pb_row _builder_version=&#8220;4.17.6&#8243; global_colors_info=&#8220;{}&#8220;][et_pb_column type=&#8220;4_4&#8243; _builder_version=&#8220;4.16&#8243; custom_padding=&#8220;|||&#8220; global_colors_info=&#8220;{}&#8220; custom_padding__hover=&#8220;|||&#8220;][et_pb_text _builder_version=&#8220;4.17.6&#8243; header_font=&#8220;Inter|300|||||||&#8220; header_text_color=&#8220;#000000&#8243; header_font_size=&#8220;78px&#8220; header_line_height=&#8220;1.1em&#8220; header_2_font=&#8220;|700||on|||||&#8220; header_font_size_tablet=&#8220;44px&#8220; header_font_size_phone=&#8220;28px&#8220; header_font_size_last_edited=&#8220;on|phone&#8220; locked=&#8220;off&#8220; global_colors_info=&#8220;{}&#8220;]<\/p>\n<h2>sch\u00fclerinnen<\/h2>\n<p>[\/et_pb_text][\/et_pb_column][\/et_pb_row][\/et_pb_section][et_pb_section fb_built=&#8220;1&#8243; admin_label=&#8220;Details&#8220; _builder_version=&#8220;4.17.6&#8243; use_background_color_gradient=&#8220;on&#8220; background_color_gradient_stops=&#8220;#ffffff 0%|rgba(143,143,143,0.17) 85%&#8220; custom_padding=&#8220;0px|||||&#8220; global_colors_info=&#8220;{}&#8220;][et_pb_row _builder_version=&#8220;4.16&#8243; global_colors_info=&#8220;{}&#8220;][et_pb_column type=&#8220;4_4&#8243; _builder_version=&#8220;4.16&#8243; global_colors_info=&#8220;{}&#8220;][et_pb_text _builder_version=&#8220;4.17.6&#8243; text_font=&#8220;||||||||&#8220; text_text_color=&#8220;#676879&#8243; text_font_size=&#8220;16px&#8220; text_line_height=&#8220;2em&#8220; max_width=&#8220;800px&#8220; module_alignment=&#8220;center&#8220; min_height=&#8220;370px&#8220; text_font_size_tablet=&#8220;15px&#8220; text_font_size_phone=&#8220;14px&#8220; text_font_size_last_edited=&#8220;on|phone&#8220; global_colors_info=&#8220;{}&#8220;]<\/p>\n<p>Im Zentrum der Erziehung steht die Pers\u00f6nlichkeitsbildung der Sch\u00fclerinnen. \u201eShe is a Schmidt`s Girl\u201c, wie es im Lande hei\u00dft, ist Auszeichnung und Verantwortung zugleich. Die Schmidt-Schule ist daf\u00fcr bekannt, junge Frauen zu aktiven, selbstbewussten, kritischen und kreativen Pers\u00f6nlichkeiten zu erziehen, die den Mut haben, sich f\u00fcr ihre \u00dcberzeugungen einzusetzen. Erg\u00e4nzt wird dies durch ein anspruchsvolles akademisches Programm in Naturwissenschaften, Sprachen sowie Kunst und Musik. Dies pr\u00e4destiniert unsere Sch\u00fclerinnen sp\u00e4ter zur \u00dcbernahme von F\u00fchrungspositionen in unterschiedlichen Bereichen. Unsere Alumna sind deshalb \u00fcberdurchschnittlich erfolgreich in Gesellschaft, Politik und Wirtschaft.<\/p>\n<p>[\/et_pb_text][\/et_pb_column][\/et_pb_row][\/et_pb_section][et_pb_section fb_built=&#8220;1&#8243; admin_label=&#8220;Testimonial&#8220; _builder_version=&#8220;4.16&#8243; background_color=&#8220;#f7f9fc&#8220; global_colors_info=&#8220;{}&#8220;][et_pb_row column_structure=&#8220;1_2,1_2&#8243; _builder_version=&#8220;4.27.4&#8243; background_image=&#8220;https:\/\/schmidtschule.schule\/wp-content\/uploads\/2025\/12\/Unten-Schuelerinnen.webp&#8220; custom_padding=&#8220;0|0px|12vw|0px|false|false&#8220; hover_enabled=&#8220;0&#8243; global_colors_info=&#8220;{}&#8220; title_text=&#8220;Unten-Schuelerinnen&#8220; sticky_enabled=&#8220;0&#8243;][et_pb_column type=&#8220;1_2&#8243; _builder_version=&#8220;4.18.0&#8243; custom_padding=&#8220;|||&#8220; global_colors_info=&#8220;{}&#8220; custom_padding__hover=&#8220;|||&#8220;][et_pb_testimonial quote_icon=&#8220;off&#8220; _builder_version=&#8220;4.17.6&#8243; body_font=&#8220;||||||||&#8220; body_font_size=&#8220;18px&#8220; body_line_height=&#8220;2.5em&#8220; background_color=&#8220;#474C57&#8243; background_layout=&#8220;dark&#8220; min_height=&#8220;400px&#8220; custom_margin=&#8220;-12vw|||-10vw&#8220; custom_margin_tablet=&#8220;0vw||10vw|0vw&#8220; custom_margin_phone=&#8220;&#8220; custom_margin_last_edited=&#8220;on|tablet&#8220; custom_padding=&#8220;80px|60px|80px|7vw|true|false&#8220; custom_padding_tablet=&#8220;40px|10%|40px|10%|true|true&#8220; custom_padding_phone=&#8220;&#8220; custom_padding_last_edited=&#8220;on|tablet&#8220; animation_style=&#8220;flip&#8220; body_font_size_tablet=&#8220;18px&#8220; body_font_size_phone=&#8220;&#8220; body_font_size_last_edited=&#8220;on|desktop&#8220; body_line_height_tablet=&#8220;&#8220; body_line_height_phone=&#8220;1.8em&#8220; body_line_height_last_edited=&#8220;on|phone&#8220; box_shadow_style=&#8220;preset1&#8243; box_shadow_horizontal=&#8220;-41px&#8220; box_shadow_vertical=&#8220;45px&#8220; box_shadow_blur=&#8220;180px&#8220; box_shadow_color=&#8220;rgba(0,0,0,0.52)&#8220; locked=&#8220;off&#8220; global_colors_info=&#8220;{}&#8220;]<\/p>\n<div class=\"et_pb_text_inner\">\n<div data-shortcode-id=\"2.0.0.0-1659532124130\" data-quickaccess-editable=\"yes\" class=\"et-fb-popover-tinymce\">\n<div class=\"mce-content-body\" contenteditable=\"true\" style=\"position: relative;\">\n<p><strong>Dabei ist uns wichtig, dass die Sch\u00fclerinnen bereits im Laufe ihrer Schulzeit lernen, ihrer sozialen Verantwortung gerecht zu werden.<\/strong><\/p>\n<p>Dies gelingt durch zahlreiche Sozialprojekte, die j\u00e4hrlich durch die Sch\u00fclerinnen initiiert werden. Hierzu geh\u00f6rt auch die intensive Auseinandersetzung mit den drei Weltreligionen, die das Alltagsleben rund um die Schmidt-Schule so intensiv pr\u00e4gen.<\/p>\n<\/div>\n<\/div>\n<\/div>\n<div class=\"et-pb-draggable-spacing et-pb-draggable-spacing__spacing et-pb-draggable-spacing__top et-pb-draggable-spacing__padding et-pb-draggable-spacing--animated et-pb-draggable-spacing--no-size\" style=\"height: 0px;\">\n<div class=\"et-pb-draggable-spacing__hint\"><\/div>\n<\/div>\n<div class=\"et-pb-draggable-spacing et-pb-draggable-spacing__spacing et-pb-draggable-spacing__bottom et-pb-draggable-spacing__padding et-pb-draggable-spacing--animated et-pb-draggable-spacing--no-size\" style=\"height: 0px;\">\n<div class=\"et-pb-draggable-spacing__hint\"><\/div>\n<\/div>\n<p>[\/et_pb_testimonial][\/et_pb_column][et_pb_column type=&#8220;1_2&#8243; _builder_version=&#8220;4.16&#8243; custom_padding=&#8220;|||&#8220; global_colors_info=&#8220;{}&#8220; custom_padding__hover=&#8220;|||&#8220;][\/et_pb_column][\/et_pb_row][\/et_pb_section][et_pb_section fb_built=&#8220;1&#8243; admin_label=&#8220;Footer&#8220; _builder_version=&#8220;4.17.6&#8243; _module_preset=&#8220;default&#8220; background_color=&#8220;#474C57&#8243; global_module=&#8220;1007&#8243; saved_tabs=&#8220;all&#8220; global_colors_info=&#8220;{}&#8220;][et_pb_row column_structure=&#8220;1_2,1_2&#8243; _builder_version=&#8220;4.18.0&#8243; _module_preset=&#8220;default&#8220; global_colors_info=&#8220;{}&#8220;][et_pb_column type=&#8220;1_2&#8243; _builder_version=&#8220;4.16&#8243; _module_preset=&#8220;default&#8220; global_colors_info=&#8220;{}&#8220;][et_pb_text _builder_version=&#8220;4.18.0&#8243; _module_preset=&#8220;534cc526-6274-4e31-9e1a-7f18a5947bf1&#8243; text_text_color=&#8220;#FFFFFF&#8220; header_text_color=&#8220;#FFFFFF&#8220; header_4_font=&#8220;Heebo|700||on|||||&#8220; header_4_text_color=&#8220;#000000&#8243; header_4_font_size=&#8220;12px&#8220; header_4_letter_spacing=&#8220;1px&#8220; header_4_line_height=&#8220;1.2em&#8220; background_image=&#8220;https:\/\/www.rheinvirtuell.de\/Schmidt-Schule-11-2025wp-content\/uploads\/2022\/08\/line.png&#8220; background_size=&#8220;initial&#8220; background_position=&#8220;top_left&#8220; background_layout=&#8220;dark&#8220; custom_margin=&#8220;||10px||false|false&#8220; custom_padding=&#8220;|||63px|false|false&#8220; header_4_font_size_tablet=&#8220;&#8220; header_4_font_size_phone=&#8220;11px&#8220; header_4_font_size_last_edited=&#8220;on|phone&#8220; global_colors_info=&#8220;{}&#8220;]<\/p>\n<h4><span style=\"color: #ffffff;\">Kontakt<\/span><\/h4>\n<p>[\/et_pb_text][et_pb_blurb title=&#8220;Telefon: +972 (0)-2-62678-70 (Arabisch \/ Englisch)  Telefax: +972 (0)-2-6275321&#8243; use_icon=&#8220;on&#8220; font_icon=&#8220;&#xe090;||divi||400&#8243; icon_color=&#8220;#FFFFFF&#8220; icon_placement=&#8220;left&#8220; image_icon_width=&#8220;20px&#8220; content_max_width=&#8220;100%&#8220; image_icon_width_tablet=&#8220;&#8220; image_icon_width_phone=&#8220;32px&#8220; image_icon_width_last_edited=&#8220;on|phone&#8220; _builder_version=&#8220;4.17.6&#8243; _module_preset=&#8220;a947262d-0701-4077-825d-1385639c524f&#8220; header_font=&#8220;Heebo|500|||||||&#8220; header_text_color=&#8220;#FFFFFF&#8220; header_line_height=&#8220;1.3em&#8220; body_font=&#8220;Heebo|500|||||||&#8220; body_text_color=&#8220;#FFFFFF&#8220; body_font_size=&#8220;16px&#8220; body_line_height=&#8220;1.5em&#8220; animation=&#8220;off&#8220; header_font_size_tablet=&#8220;16px&#8220; header_font_size_phone=&#8220;14px&#8220; header_font_size_last_edited=&#8220;on|desktop&#8220; body_font_size_tablet=&#8220;&#8220; body_font_size_phone=&#8220;14px&#8220; body_font_size_last_edited=&#8220;on|phone&#8220; global_colors_info=&#8220;{}&#8220;][\/et_pb_blurb][et_pb_blurb title=&#8220;sekretariat@schmidtschule.org&#8220; url=&#8220;mailto:sekretariat@schmidtschule.org&#8220; use_icon=&#8220;on&#8220; font_icon=&#8220;&#xf2b6;||fa||900&#8243; icon_color=&#8220;#FFFFFF&#8220; icon_placement=&#8220;left&#8220; image_icon_width=&#8220;20px&#8220; content_max_width=&#8220;100%&#8220; image_icon_width_tablet=&#8220;&#8220; image_icon_width_phone=&#8220;32px&#8220; image_icon_width_last_edited=&#8220;on|phone&#8220; _builder_version=&#8220;4.18.0&#8243; _module_preset=&#8220;a947262d-0701-4077-825d-1385639c524f&#8220; header_font=&#8220;Heebo|500|||||||&#8220; header_text_color=&#8220;#FFFFFF&#8220; header_line_height=&#8220;1.3em&#8220; body_font=&#8220;Heebo|500|||||||&#8220; body_text_color=&#8220;#FFFFFF&#8220; body_font_size=&#8220;16px&#8220; body_line_height=&#8220;1.5em&#8220; animation=&#8220;off&#8220; link_option_url=&#8220;mailto:sekretariat@schmidtschule.org&#8220; header_font_size_tablet=&#8220;16px&#8220; header_font_size_phone=&#8220;14px&#8220; header_font_size_last_edited=&#8220;on|desktop&#8220; body_font_size_tablet=&#8220;&#8220; body_font_size_phone=&#8220;14px&#8220; body_font_size_last_edited=&#8220;on|phone&#8220; global_colors_info=&#8220;{}&#8220;][\/et_pb_blurb][et_pb_blurb title=&#8220;Schmidt-Schule Jerusalem Nablus Road 97 P.O. Box 995    9100 901 Jerusalem&#8220; use_icon=&#8220;on&#8220; font_icon=&#8220;&#xf124;||fa||900&#8243; icon_color=&#8220;#FFFFFF&#8220; icon_placement=&#8220;left&#8220; image_icon_width=&#8220;20px&#8220; content_max_width=&#8220;100%&#8220; image_icon_width_tablet=&#8220;&#8220; image_icon_width_phone=&#8220;32px&#8220; image_icon_width_last_edited=&#8220;on|phone&#8220; _builder_version=&#8220;4.18.0&#8243; _module_preset=&#8220;a947262d-0701-4077-825d-1385639c524f&#8220; header_font=&#8220;Heebo|500|||||||&#8220; header_text_color=&#8220;#FFFFFF&#8220; header_line_height=&#8220;1.3em&#8220; body_font=&#8220;Heebo|500|||||||&#8220; body_text_color=&#8220;#FFFFFF&#8220; body_font_size=&#8220;16px&#8220; body_line_height=&#8220;1.5em&#8220; animation=&#8220;off&#8220; header_font_size_tablet=&#8220;16px&#8220; header_font_size_phone=&#8220;14px&#8220; header_font_size_last_edited=&#8220;on|desktop&#8220; body_font_size_tablet=&#8220;&#8220; body_font_size_phone=&#8220;14px&#8220; body_font_size_last_edited=&#8220;on|phone&#8220; global_colors_info=&#8220;{}&#8220;][\/et_pb_blurb][et_pb_blurb title=&#8220;Anfahrt (\u00f6ffnet Google Maps)&#8220; url=&#8220;https:\/\/goo.gl\/maps\/eE84tdKFQSDjYmrZ7&#8243; url_new_window=&#8220;on&#8220; use_icon=&#8220;on&#8220; font_icon=&#8220;&#xf35d;||fa||900&#8243; icon_color=&#8220;#FFFFFF&#8220; icon_placement=&#8220;left&#8220; image_icon_width=&#8220;20px&#8220; content_max_width=&#8220;100%&#8220; image_icon_width_tablet=&#8220;&#8220; image_icon_width_phone=&#8220;32px&#8220; image_icon_width_last_edited=&#8220;on|phone&#8220; _builder_version=&#8220;4.18.0&#8243; _module_preset=&#8220;a947262d-0701-4077-825d-1385639c524f&#8220; header_font=&#8220;Heebo|500|||||||&#8220; header_text_color=&#8220;#FFFFFF&#8220; header_line_height=&#8220;1.3em&#8220; body_font=&#8220;Heebo|500|||||||&#8220; body_text_color=&#8220;#FFFFFF&#8220; body_font_size=&#8220;16px&#8220; body_line_height=&#8220;1.5em&#8220; animation=&#8220;off&#8220; link_option_url=&#8220;https:\/\/goo.gl\/maps\/eE84tdKFQSDjYmrZ7&#8243; link_option_url_new_window=&#8220;on&#8220; header_font_size_tablet=&#8220;16px&#8220; header_font_size_phone=&#8220;14px&#8220; header_font_size_last_edited=&#8220;on|desktop&#8220; body_font_size_tablet=&#8220;&#8220; body_font_size_phone=&#8220;14px&#8220; body_font_size_last_edited=&#8220;on|phone&#8220; global_colors_info=&#8220;{}&#8220;][\/et_pb_blurb][et_pb_text _builder_version=&#8220;4.18.0&#8243; _dynamic_attributes=&#8220;link_option_url&#8220; _module_preset=&#8220;default&#8220; text_font=&#8220;|600||on|||||&#8220; text_text_color=&#8220;#FFFFFF&#8220; link_option_url=&#8220;@ET-DC@eyJkeW5hbWljIjp0cnVlLCJjb250ZW50IjoicG9zdF9saW5rX3VybF9wYWdlIiwic2V0dGluZ3MiOnsicG9zdF9pZCI6IjEzNTAifX0=@&#8220; global_colors_info=&#8220;{}&#8220;]<\/p>\n<p>impressum | datenschutz<\/p>\n<p>[\/et_pb_text][\/et_pb_column][et_pb_column type=&#8220;1_2&#8243; _builder_version=&#8220;4.16&#8243; _module_preset=&#8220;default&#8220; global_colors_info=&#8220;{}&#8220;][et_pb_text _builder_version=&#8220;4.18.0&#8243; _module_preset=&#8220;534cc526-6274-4e31-9e1a-7f18a5947bf1&#8243; header_4_font=&#8220;Heebo|700||on|||||&#8220; header_4_text_color=&#8220;#000000&#8243; header_4_font_size=&#8220;12px&#8220; header_4_letter_spacing=&#8220;1px&#8220; header_4_line_height=&#8220;1.2em&#8220; background_image=&#8220;https:\/\/www.rheinvirtuell.de\/Schmidt-Schule-11-2025wp-content\/uploads\/2022\/08\/line.png&#8220; background_size=&#8220;initial&#8220; background_position=&#8220;top_left&#8220; custom_margin=&#8220;||10px||false|false&#8220; custom_padding=&#8220;|||63px|false|false&#8220; header_4_font_size_tablet=&#8220;&#8220; header_4_font_size_phone=&#8220;11px&#8220; header_4_font_size_last_edited=&#8220;on|phone&#8220; global_colors_info=&#8220;{}&#8220;]<\/p>\n<h4><span style=\"color: #ffffff;\">Nehmen Sie mit uns Kontakt auf<\/span><\/h4>\n<p>[\/et_pb_text][et_pb_contact_form captcha=&#8220;off&#8220; email=&#8220;sekretariat@schmidtschule.org&#8220; success_message=&#8220;Danke f\u00fcr Ihre Anfrage&#8220; submit_button_text=&#8220;Senden&#8220; _builder_version=&#8220;4.19.0&#8243; _module_preset=&#8220;97e514a8-747c-48e8-bf47-f9428b841787&#8243; _unique_id=&#8220;1ce33646-716a-4e4a-a386-7aa04b001356&#8243; form_field_background_color=&#8220;RGBA(255,255,255,0)&#8220; form_field_text_color=&#8220;#ffffff&#8220; form_field_focus_background_color=&#8220;RGBA(255,255,255,0)&#8220; form_field_focus_text_color=&#8220;RGBA(255,255,255,0)&#8220; title_font=&#8220;|600||on|||||&#8220; captcha_text_color=&#8220;#FFFFFF&#8220; form_field_font=&#8220;|600|||||||&#8220; form_field_font_size=&#8220;14px&#8220; custom_button=&#8220;on&#8220; button_text_size=&#8220;14px&#8220; button_text_color=&#8220;#000000&#8243; button_bg_color=&#8220;#FFDD00&#8243; button_bg_image=&#8220;https:\/\/www.reinvirtuell.de\/Schmidt-Schule-Wordpress\/wp-content\/uploads\/2022\/08\/Group-97.png&#8220; button_border_width=&#8220;0px&#8220; button_border_radius=&#8220;0px&#8220; button_letter_spacing=&#8220;2px&#8220; button_font=&#8220;|700||on|||||&#8220; button_custom_margin=&#8220;20px||||false|false&#8220; button_custom_padding=&#8220;20px|40px|20px|40px|true|true&#8220; text_orientation=&#8220;left&#8220; button_bg_color_last_edited=&#8220;off|desktop&#8220; custom_css_contact_button=&#8220;background-size: 100% 100% !important;&#8220; border_width_all=&#8220;1px&#8220; border_color_all=&#8220;rgba(255,255,255,0.35)&#8220; locked=&#8220;off&#8220; global_colors_info=&#8220;{}&#8220; button_bg_color__hover_enabled=&#8220;off|desktop&#8220; button_bg_color__hover=&#8220;RGBA(255,255,255,0)&#8220; button_bg_enable_color__hover=&#8220;on&#8220;][et_pb_contact_field field_id=&#8220;Name&#8220; field_title=&#8220;Name&#8220; fullwidth_field=&#8220;on&#8220; _builder_version=&#8220;4.16&#8243; global_colors_info=&#8220;{}&#8220; button_text_size__hover_enabled=&#8220;off&#8220; button_one_text_size__hover_enabled=&#8220;off&#8220; button_two_text_size__hover_enabled=&#8220;off&#8220; button_text_color__hover_enabled=&#8220;off&#8220; button_one_text_color__hover_enabled=&#8220;off&#8220; button_two_text_color__hover_enabled=&#8220;off&#8220; button_border_width__hover_enabled=&#8220;off&#8220; button_one_border_width__hover_enabled=&#8220;off&#8220; button_two_border_width__hover_enabled=&#8220;off&#8220; button_border_color__hover_enabled=&#8220;off&#8220; button_one_border_color__hover_enabled=&#8220;off&#8220; button_two_border_color__hover_enabled=&#8220;off&#8220; button_border_radius__hover_enabled=&#8220;off&#8220; button_one_border_radius__hover_enabled=&#8220;off&#8220; button_two_border_radius__hover_enabled=&#8220;off&#8220; button_letter_spacing__hover_enabled=&#8220;off&#8220; button_one_letter_spacing__hover_enabled=&#8220;off&#8220; button_two_letter_spacing__hover_enabled=&#8220;off&#8220; button_bg_color__hover_enabled=&#8220;off&#8220; button_one_bg_color__hover_enabled=&#8220;off&#8220; button_two_bg_color__hover_enabled=&#8220;off&#8220;][\/et_pb_contact_field][et_pb_contact_field field_id=&#8220;Email&#8220; field_title=&#8220;E-Mail&#8220; field_type=&#8220;email&#8220; fullwidth_field=&#8220;on&#8220; _builder_version=&#8220;4.17.6&#8243; global_colors_info=&#8220;{}&#8220; button_text_size__hover_enabled=&#8220;off&#8220; button_one_text_size__hover_enabled=&#8220;off&#8220; button_two_text_size__hover_enabled=&#8220;off&#8220; button_text_color__hover_enabled=&#8220;off&#8220; button_one_text_color__hover_enabled=&#8220;off&#8220; button_two_text_color__hover_enabled=&#8220;off&#8220; button_border_width__hover_enabled=&#8220;off&#8220; button_one_border_width__hover_enabled=&#8220;off&#8220; button_two_border_width__hover_enabled=&#8220;off&#8220; button_border_color__hover_enabled=&#8220;off&#8220; button_one_border_color__hover_enabled=&#8220;off&#8220; button_two_border_color__hover_enabled=&#8220;off&#8220; button_border_radius__hover_enabled=&#8220;off&#8220; button_one_border_radius__hover_enabled=&#8220;off&#8220; button_two_border_radius__hover_enabled=&#8220;off&#8220; button_letter_spacing__hover_enabled=&#8220;off&#8220; button_one_letter_spacing__hover_enabled=&#8220;off&#8220; button_two_letter_spacing__hover_enabled=&#8220;off&#8220; button_bg_color__hover_enabled=&#8220;off&#8220; button_one_bg_color__hover_enabled=&#8220;off&#8220; button_two_bg_color__hover_enabled=&#8220;off&#8220;][\/et_pb_contact_field][et_pb_contact_field field_id=&#8220;Message&#8220; field_title=&#8220;Ihre Nachricht&#8220; field_type=&#8220;text&#8220; fullwidth_field=&#8220;on&#8220; _builder_version=&#8220;4.19.0&#8243; global_colors_info=&#8220;{}&#8220; button_text_size__hover_enabled=&#8220;off&#8220; button_one_text_size__hover_enabled=&#8220;off&#8220; button_two_text_size__hover_enabled=&#8220;off&#8220; button_text_color__hover_enabled=&#8220;off&#8220; button_one_text_color__hover_enabled=&#8220;off&#8220; button_two_text_color__hover_enabled=&#8220;off&#8220; button_border_width__hover_enabled=&#8220;off&#8220; button_one_border_width__hover_enabled=&#8220;off&#8220; button_two_border_width__hover_enabled=&#8220;off&#8220; button_border_color__hover_enabled=&#8220;off&#8220; button_one_border_color__hover_enabled=&#8220;off&#8220; button_two_border_color__hover_enabled=&#8220;off&#8220; button_border_radius__hover_enabled=&#8220;off&#8220; button_one_border_radius__hover_enabled=&#8220;off&#8220; button_two_border_radius__hover_enabled=&#8220;off&#8220; button_letter_spacing__hover_enabled=&#8220;off&#8220; button_one_letter_spacing__hover_enabled=&#8220;off&#8220; button_two_letter_spacing__hover_enabled=&#8220;off&#8220; button_bg_color__hover_enabled=&#8220;off&#8220; button_one_bg_color__hover_enabled=&#8220;off&#8220; button_two_bg_color__hover_enabled=&#8220;off&#8220;][\/et_pb_contact_field][\/et_pb_contact_form][\/et_pb_column][\/et_pb_row][\/et_pb_section]<\/p>\n","protected":false},"excerpt":{"rendered":"<p>sch\u00fclerinnenIm Zentrum der Erziehung steht die Pers\u00f6nlichkeitsbildung der Sch\u00fclerinnen. \u201eShe is a Schmidt`s Girl\u201c, wie es im Lande hei\u00dft, ist Auszeichnung und Verantwortung zugleich. Die Schmidt-Schule ist daf\u00fcr bekannt, junge Frauen zu aktiven, selbstbewussten, kritischen und kreativen Pers\u00f6nlichkeiten zu erziehen, die den Mut haben, sich f\u00fcr ihre \u00dcberzeugungen einzusetzen. Erg\u00e4nzt wird dies durch ein anspruchsvolles [&hellip;]<\/p>\n","protected":false},"author":1,"featured_media":0,"parent":0,"menu_order":0,"comment_status":"closed","ping_status":"closed","template":"","meta":{"_et_pb_use_builder":"on","_et_pb_old_content":"","_et_gb_content_width":"","footnotes":""},"class_list":["post-601","page","type-page","status-publish","hentry"],"_links":{"self":[{"href":"https:\/\/schmidtschule.schule\/en\/wp-json\/wp\/v2\/pages\/601","targetHints":{"allow":["GET"]}}],"collection":[{"href":"https:\/\/schmidtschule.schule\/en\/wp-json\/wp\/v2\/pages"}],"about":[{"href":"https:\/\/schmidtschule.schule\/en\/wp-json\/wp\/v2\/types\/page"}],"author":[{"embeddable":true,"href":"https:\/\/schmidtschule.schule\/en\/wp-json\/wp\/v2\/users\/1"}],"replies":[{"embeddable":true,"href":"https:\/\/schmidtschule.schule\/en\/wp-json\/wp\/v2\/comments?post=601"}],"version-history":[{"count":29,"href":"https:\/\/schmidtschule.schule\/en\/wp-json\/wp\/v2\/pages\/601\/revisions"}],"predecessor-version":[{"id":2755,"href":"https:\/\/schmidtschule.schule\/en\/wp-json\/wp\/v2\/pages\/601\/revisions\/2755"}],"wp:attachment":[{"href":"https:\/\/schmidtschule.schule\/en\/wp-json\/wp\/v2\/media?parent=601"}],"curies":[{"name":"wp","href":"https:\/\/api.w.org\/{rel}","templated":true}]}}