{"id":1350,"date":"2022-10-06T19:48:27","date_gmt":"2022-10-06T17:48:27","guid":{"rendered":"https:\/\/www.reinvirtuell.de\/Schmidt-Schule-Wordpress\/?page_id=1350"},"modified":"2025-12-05T14:16:57","modified_gmt":"2025-12-05T13:16:57","slug":"impressum-datenschutz","status":"publish","type":"page","link":"https:\/\/schmidtschule.schule\/en\/impressum-datenschutz\/","title":{"rendered":"Impressum\/Datenschutz"},"content":{"rendered":"<p>[et_pb_section fb_built=&#8220;1&#8243; custom_padding_last_edited=&#8220;off|desktop&#8220; admin_label=&#8220;Header&#8220; _builder_version=&#8220;4.27.4&#8243; _module_preset=&#8220;default&#8220; background_enable_color=&#8220;off&#8220; background_image=&#8220;https:\/\/schmidtschule.schule\/wp-content\/uploads\/2022\/08\/I-love-jerusalem.jpg&#8220; height=&#8220;470px&#8220; custom_padding=&#8220;0px||0px||true|false&#8220; custom_padding_tablet=&#8220;0px||||false|false&#8220; hover_enabled=&#8220;0&#8243; locked=&#8220;off&#8220; global_colors_info=&#8220;{}&#8220; title_text=&#8220;Jerusalem,,Israel,-,June,14,,2018:,I,Love,Jlm,(short&#8220; sticky_enabled=&#8220;0&#8243;][\/et_pb_section][et_pb_section fb_built=&#8220;1&#8243; admin_label=&#8220;About&#8220; _builder_version=&#8220;4.17.6&#8243; height=&#8220;100px&#8220; global_colors_info=&#8220;{}&#8220;][et_pb_row _builder_version=&#8220;4.17.6&#8243; global_colors_info=&#8220;{}&#8220;][et_pb_column type=&#8220;4_4&#8243; _builder_version=&#8220;4.16&#8243; custom_padding=&#8220;|||&#8220; global_colors_info=&#8220;{}&#8220; custom_padding__hover=&#8220;|||&#8220;][et_pb_text _builder_version=&#8220;4.18.0&#8243; header_font=&#8220;Inter|300|||||||&#8220; header_text_color=&#8220;#000000&#8243; header_font_size=&#8220;78px&#8220; header_line_height=&#8220;1.1em&#8220; header_2_font=&#8220;|700||on|||||&#8220; header_font_size_tablet=&#8220;44px&#8220; header_font_size_phone=&#8220;28px&#8220; header_font_size_last_edited=&#8220;on|phone&#8220; locked=&#8220;off&#8220; global_colors_info=&#8220;{}&#8220;]<\/p>\n<h2>Impressum\/Datenschutz<\/h2>\n<p>[\/et_pb_text][\/et_pb_column][\/et_pb_row][\/et_pb_section][et_pb_section fb_built=&#8220;1&#8243; admin_label=&#8220;Details&#8220; _builder_version=&#8220;4.18.0&#8243; use_background_color_gradient=&#8220;on&#8220; background_color_gradient_stops=&#8220;#ffffff 0%|rgba(143,143,143,0.17) 85%&#8220; height=&#8220;3000px&#8220; custom_padding=&#8220;0px|||||&#8220; global_colors_info=&#8220;{}&#8220;][et_pb_row _builder_version=&#8220;4.16&#8243; global_colors_info=&#8220;{}&#8220;][et_pb_column type=&#8220;4_4&#8243; _builder_version=&#8220;4.16&#8243; global_colors_info=&#8220;{}&#8220;][et_pb_text _builder_version=&#8220;4.27.4&#8243; text_font=&#8220;||||||||&#8220; text_text_color=&#8220;#676879&#8243; text_font_size=&#8220;16px&#8220; text_line_height=&#8220;2em&#8220; max_width=&#8220;800px&#8220; module_alignment=&#8220;center&#8220; height=&#8220;541px&#8220; text_font_size_tablet=&#8220;15px&#8220; text_font_size_phone=&#8220;14px&#8220; text_font_size_last_edited=&#8220;on|phone&#8220; global_colors_info=&#8220;{}&#8220;]Schmidt-Schule Jerusalem<br \/>\nNablus Road 97<br \/>\nP.O. Box 995 | 9100 901 Jerusalem<\/p>\n<p>Schulleitung:<br \/>\nDr. Dietrich B\u00e4umer<\/p>\n<p><a href=\"mailto:sekretariat@schmidtschule.com\">sekretariat@schmidtschule.org<\/a><\/p>\n<p>Telefon: +972 (0)-2-62678-70 (Arabisch \/ Englisch)<br \/>\nTelefax: +972 (0)-2-6275321<\/p>\n<p>&nbsp;<\/p>\n<p><strong>Design, Layout, Umsetzung:<\/strong><\/p>\n<p>Petra Br\u00fcggemann<br \/>\nSchwarzwaldstr. 15<br \/>\n79194 Gundelfingen<br \/>\n<a href=\"https:\/\/www.rheinvirtuell.de\" target=\"_blank\" rel=\"noopener\">www.rheinvirtuell.de<\/a><br \/>\nbrueggemann@rheinvirtuell.de<\/p>\n<p><strong><\/strong><\/p>\n<p><strong>RECHTLICHE HINWEISE<\/strong><br \/>\nAlle Angaben auf unseren Internet-Seiten wurden sorgf\u00e4ltig gepr\u00fcft. Wir \u00fcbernehmen jedoch keine Garantie (weder ausdr\u00fccklich noch stillschweigend) f\u00fcr die Richtigkeit und Vollst\u00e4ndigkeit der Information.<\/p>\n<p>Diese Internet-Pr\u00e4senz enth\u00e4lt Verkn\u00fcpfungen oder Hinweise auf Webseiten anderer Unternehmen, Personen oder Organisationen. Jede Nutzung der Information geschieht auf eigene Gefahr des Nutzers. F\u00fcr alle Inhalte und Aussagen auf verlinkte Internet-Seiten ist ausschlie\u00dflich der Betreiber der jeweiligen Website verantwortlich. Wir haben die Inhalte gepr\u00fcft, k\u00f6nnen aber grunds\u00e4tzlich f\u00fcr die Informationen von Dritten keine Haftung \u00fcbernehmen. Die Inhalte dieser Homepage sind urheberrechtlich gesch\u00fctzt. Alle Rechte vorbehalten. Die Verwendung der Texte und Abbildungen, auch auszugsweise, ist ohne die schriftliche Zustimmung des Deutschen Vereins vom Heiligen Lande urheberrechtswidrig und daher strafbar. Dies gilt insbesondere f\u00fcr die Vervielf\u00e4ltigung, \u00dcbersetzung oder die Verwendung in elektronischen Systemen. Benutzer k\u00f6nnen das Informationsmaterial nur f\u00fcr den pers\u00f6nlichen, nicht-kommerziellen Gebrauch kopieren. Es m\u00fcssen alle Hinweise in den Inhalten auf die Urheberschaft und Schutzrechte in unver\u00e4nderter Form bestehen bleiben.<\/p>\n<p><strong>DATENSCHUTZ<\/strong><br \/>\n<strong>Geltungsbereich<\/strong><br \/>\nDiese Datenschutzerkl\u00e4rung soll die Nutzer dieser Website gem\u00e4\u00df Bundesdatenschutzgesetz und Telemediengesetz \u00fcber die Art, den Umfang und den Zweck der Erhebung und Verwendung personenbezogener Daten durch die Schmidt-Schule informieren.<\/p>\n<p>Die Schmidt-Schule nimmt Ihren Datenschutz sehr ernst und behandelt Ihre personenbezogenen Daten vertraulich und entsprechend der gesetzlichen Vorschriften.<\/p>\n<p>Bedenken Sie, dass die Daten\u00fcbertragung im Internet grunds\u00e4tzlich mit Sicherheitsl\u00fccken bedacht sein kann. Ein vollumf\u00e4nglicher Schutz vor dem Zugriff durch Fremde ist nicht realisierbar.<\/p>\n<p><strong>Zugriffsdaten<\/strong><br \/>\nDer Seitenprovider erhebt Daten \u00fcber Zugriffe auf die Seite und speichert diese als \u201eServer-Logfiles\u201c ab. Folgende Daten werden so protokolliert:<\/p>\n<p>\u2022 Besuchte Website<br \/>\n\u2022 Uhrzeit zum Zeitpunkt des Zugriffes<br \/>\n\u2022 Menge der gesendeten Daten in Byte<br \/>\n\u2022 Quelle\/Verweis, von welchem Sie auf die Seite gelangten<br \/>\n\u2022 Verwendeter Browser<br \/>\n\u2022 Verwendetes Betriebssystem<br \/>\n\u2022 Verwendete IP-Adresse<\/p>\n<p>Die erhobenen Daten dienen lediglich statistischen Auswertungen und zur Verbesserung der Website. Der Websitebetreiber beh\u00e4lt sich allerdings vor, die Server-Logfiles nachtr\u00e4glich zu \u00fcberpr\u00fcfen, sollten konkrete Anhaltspunkte auf eine rechtswidrige Nutzung hinweisen.<\/p>\n<p><strong>UMGANG MIT PERSONENBEZOGENEN DATEN<\/strong><br \/>\nDer Websitebetreiber erhebt, nutzt und gibt Ihre personenbezogenen Daten nur dann weiter, wenn dies im gesetzlichen Rahmen erlaubt ist oder Sie in die Datenerhebung einwilligen.<\/p>\n<p>Als personenbezogene Daten gelten s\u00e4mtliche Informationen, welche dazu dienen, Ihre Person zu bestimmen und welche zu Ihnen zur\u00fcckverfolgt werden k\u00f6nnen \u2013 also beispielsweise Ihr Name, Ihre E-Mail-Adresse und Telefonnummer.<\/p>\n<p><strong>UMGANG MIT KONTAKTDATEN<\/strong><br \/>\nNehmen Sie mit dem Websitebetreiber durch die angebotenen Kontaktm\u00f6glichkeiten Verbindung auf, werden Ihre Angaben gespeichert, damit auf diese zur Bearbeitung und Beantwortung Ihrer Anfrage zur\u00fcckgegriffen werden kann. Ohne Ihre Einwilligung werden diese Daten nicht an Dritte weitergegeben.<\/p>\n<p>Sie haben die M\u00f6glichkeit, die Speicherung des Cookies auf Ihrem Ger\u00e4t zu verhindern, indem Sie in Ihrem Browser entsprechende Einstellungen vornehmen. Es ist nicht gew\u00e4hrleistet, dass Sie auf alle Funktionen dieser Website ohne Einschr\u00e4nkungen zugreifen k\u00f6nnen, wenn Ihr Browser keine Cookies zul\u00e4sst.<\/p>\n<p>Weiterhin k\u00f6nnen Sie durch ein Browser-Plugin verhindern, dass die durch Cookies gesammelten Informationen (inklusive Ihrer IP-Adresse) an die Google Inc. gesendet und von der Google Inc. genutzt werden. Folgender Link f\u00fchrt Sie zu dem entsprechenden Plugin:\u00a0https:\/\/tools.google.com\/dlpage\/gaoptout?hl=de.<br \/>\nHier finden Sie weitere Informationen zur Datennutzung durch die Google Inc.: \u00a0https:\/\/support.google.com\/analytics\/answer\/6004245?hl=de<\/p>\n<p><strong>NEWSLETTER-ABONNEMENT<\/strong><br \/>\nDie Schmidt-Schule bietet Ihnen einen Newsletter an, in welchem sie Sie \u00fcber aktuelle Geschehnisse und Angebote informiert. M\u00f6chten Sie den Newsletter abonnieren, m\u00fcssen Sie eine valide E-Mail-Adresse angeben.<\/p>\n<p><strong>Rechte des Nutzers: Auskunft, Berichtigung und L\u00f6schung<\/strong><br \/>\nSie als Nutzer erhalten auf Antrag Ihrerseits kostenlose Auskunft dar\u00fcber, welche personenbezogenen Daten \u00fcber Sie gespeichert wurden. Sofern Ihr Wunsch nicht mit einer gesetzlichen Pflicht zur Aufbewahrung von Daten (z. B. Vorratsdatenspeicherung) kollidiert, haben Sie ein Anrecht auf Berichtigung falscher Daten und auf die Sperrung oder L\u00f6schung Ihrer personenbezogenen Daten.[\/et_pb_text][\/et_pb_column][\/et_pb_row][\/et_pb_section][et_pb_section fb_built=&#8220;1&#8243; admin_label=&#8220;Footer&#8220; _builder_version=&#8220;4.17.6&#8243; _module_preset=&#8220;default&#8220; background_color=&#8220;#474C57&#8243; global_module=&#8220;1007&#8243; saved_tabs=&#8220;all&#8220; global_colors_info=&#8220;{}&#8220;][et_pb_row column_structure=&#8220;1_2,1_2&#8243; _builder_version=&#8220;4.18.0&#8243; _module_preset=&#8220;default&#8220; global_colors_info=&#8220;{}&#8220;][et_pb_column type=&#8220;1_2&#8243; _builder_version=&#8220;4.16&#8243; _module_preset=&#8220;default&#8220; global_colors_info=&#8220;{}&#8220;][et_pb_text _builder_version=&#8220;4.18.0&#8243; _module_preset=&#8220;534cc526-6274-4e31-9e1a-7f18a5947bf1&#8243; text_text_color=&#8220;#FFFFFF&#8220; header_text_color=&#8220;#FFFFFF&#8220; header_4_font=&#8220;Heebo|700||on|||||&#8220; header_4_text_color=&#8220;#000000&#8243; header_4_font_size=&#8220;12px&#8220; header_4_letter_spacing=&#8220;1px&#8220; header_4_line_height=&#8220;1.2em&#8220; background_image=&#8220;https:\/\/www.rheinvirtuell.de\/Schmidt-Schule-11-2025wp-content\/uploads\/2022\/08\/line.png&#8220; background_size=&#8220;initial&#8220; background_position=&#8220;top_left&#8220; background_layout=&#8220;dark&#8220; custom_margin=&#8220;||10px||false|false&#8220; custom_padding=&#8220;|||63px|false|false&#8220; header_4_font_size_tablet=&#8220;&#8220; header_4_font_size_phone=&#8220;11px&#8220; header_4_font_size_last_edited=&#8220;on|phone&#8220; global_colors_info=&#8220;{}&#8220;]<\/p>\n<h4><span style=\"color: #ffffff;\">Kontakt<\/span><\/h4>\n<p>[\/et_pb_text][et_pb_blurb title=&#8220;Telefon: +972 (0)-2-62678-70 (Arabisch \/ Englisch)  Telefax: +972 (0)-2-6275321&#8243; use_icon=&#8220;on&#8220; font_icon=&#8220;&#xe090;||divi||400&#8243; icon_color=&#8220;#FFFFFF&#8220; icon_placement=&#8220;left&#8220; image_icon_width=&#8220;20px&#8220; content_max_width=&#8220;100%&#8220; image_icon_width_tablet=&#8220;&#8220; image_icon_width_phone=&#8220;32px&#8220; image_icon_width_last_edited=&#8220;on|phone&#8220; _builder_version=&#8220;4.17.6&#8243; _module_preset=&#8220;a947262d-0701-4077-825d-1385639c524f&#8220; header_font=&#8220;Heebo|500|||||||&#8220; header_text_color=&#8220;#FFFFFF&#8220; header_line_height=&#8220;1.3em&#8220; body_font=&#8220;Heebo|500|||||||&#8220; body_text_color=&#8220;#FFFFFF&#8220; body_font_size=&#8220;16px&#8220; body_line_height=&#8220;1.5em&#8220; animation=&#8220;off&#8220; header_font_size_tablet=&#8220;16px&#8220; header_font_size_phone=&#8220;14px&#8220; header_font_size_last_edited=&#8220;on|desktop&#8220; body_font_size_tablet=&#8220;&#8220; body_font_size_phone=&#8220;14px&#8220; body_font_size_last_edited=&#8220;on|phone&#8220; global_colors_info=&#8220;{}&#8220;][\/et_pb_blurb][et_pb_blurb title=&#8220;sekretariat@schmidtschule.org&#8220; url=&#8220;mailto:sekretariat@schmidtschule.org&#8220; use_icon=&#8220;on&#8220; font_icon=&#8220;&#xf2b6;||fa||900&#8243; icon_color=&#8220;#FFFFFF&#8220; icon_placement=&#8220;left&#8220; image_icon_width=&#8220;20px&#8220; content_max_width=&#8220;100%&#8220; image_icon_width_tablet=&#8220;&#8220; image_icon_width_phone=&#8220;32px&#8220; image_icon_width_last_edited=&#8220;on|phone&#8220; _builder_version=&#8220;4.18.0&#8243; _module_preset=&#8220;a947262d-0701-4077-825d-1385639c524f&#8220; header_font=&#8220;Heebo|500|||||||&#8220; header_text_color=&#8220;#FFFFFF&#8220; header_line_height=&#8220;1.3em&#8220; body_font=&#8220;Heebo|500|||||||&#8220; body_text_color=&#8220;#FFFFFF&#8220; body_font_size=&#8220;16px&#8220; body_line_height=&#8220;1.5em&#8220; animation=&#8220;off&#8220; link_option_url=&#8220;mailto:sekretariat@schmidtschule.org&#8220; header_font_size_tablet=&#8220;16px&#8220; header_font_size_phone=&#8220;14px&#8220; header_font_size_last_edited=&#8220;on|desktop&#8220; body_font_size_tablet=&#8220;&#8220; body_font_size_phone=&#8220;14px&#8220; body_font_size_last_edited=&#8220;on|phone&#8220; global_colors_info=&#8220;{}&#8220;][\/et_pb_blurb][et_pb_blurb title=&#8220;Schmidt-Schule Jerusalem Nablus Road 97 P.O. Box 995    9100 901 Jerusalem&#8220; use_icon=&#8220;on&#8220; font_icon=&#8220;&#xf124;||fa||900&#8243; icon_color=&#8220;#FFFFFF&#8220; icon_placement=&#8220;left&#8220; image_icon_width=&#8220;20px&#8220; content_max_width=&#8220;100%&#8220; image_icon_width_tablet=&#8220;&#8220; image_icon_width_phone=&#8220;32px&#8220; image_icon_width_last_edited=&#8220;on|phone&#8220; _builder_version=&#8220;4.18.0&#8243; _module_preset=&#8220;a947262d-0701-4077-825d-1385639c524f&#8220; header_font=&#8220;Heebo|500|||||||&#8220; header_text_color=&#8220;#FFFFFF&#8220; header_line_height=&#8220;1.3em&#8220; body_font=&#8220;Heebo|500|||||||&#8220; body_text_color=&#8220;#FFFFFF&#8220; body_font_size=&#8220;16px&#8220; body_line_height=&#8220;1.5em&#8220; animation=&#8220;off&#8220; header_font_size_tablet=&#8220;16px&#8220; header_font_size_phone=&#8220;14px&#8220; header_font_size_last_edited=&#8220;on|desktop&#8220; body_font_size_tablet=&#8220;&#8220; body_font_size_phone=&#8220;14px&#8220; body_font_size_last_edited=&#8220;on|phone&#8220; global_colors_info=&#8220;{}&#8220;][\/et_pb_blurb][et_pb_blurb title=&#8220;Anfahrt (\u00f6ffnet Google Maps)&#8220; url=&#8220;https:\/\/goo.gl\/maps\/eE84tdKFQSDjYmrZ7&#8243; url_new_window=&#8220;on&#8220; use_icon=&#8220;on&#8220; font_icon=&#8220;&#xf35d;||fa||900&#8243; icon_color=&#8220;#FFFFFF&#8220; icon_placement=&#8220;left&#8220; image_icon_width=&#8220;20px&#8220; content_max_width=&#8220;100%&#8220; image_icon_width_tablet=&#8220;&#8220; image_icon_width_phone=&#8220;32px&#8220; image_icon_width_last_edited=&#8220;on|phone&#8220; _builder_version=&#8220;4.18.0&#8243; _module_preset=&#8220;a947262d-0701-4077-825d-1385639c524f&#8220; header_font=&#8220;Heebo|500|||||||&#8220; header_text_color=&#8220;#FFFFFF&#8220; header_line_height=&#8220;1.3em&#8220; body_font=&#8220;Heebo|500|||||||&#8220; body_text_color=&#8220;#FFFFFF&#8220; body_font_size=&#8220;16px&#8220; body_line_height=&#8220;1.5em&#8220; animation=&#8220;off&#8220; link_option_url=&#8220;https:\/\/goo.gl\/maps\/eE84tdKFQSDjYmrZ7&#8243; link_option_url_new_window=&#8220;on&#8220; header_font_size_tablet=&#8220;16px&#8220; header_font_size_phone=&#8220;14px&#8220; header_font_size_last_edited=&#8220;on|desktop&#8220; body_font_size_tablet=&#8220;&#8220; body_font_size_phone=&#8220;14px&#8220; body_font_size_last_edited=&#8220;on|phone&#8220; global_colors_info=&#8220;{}&#8220;][\/et_pb_blurb][et_pb_text _builder_version=&#8220;4.18.0&#8243; _dynamic_attributes=&#8220;link_option_url&#8220; _module_preset=&#8220;default&#8220; text_font=&#8220;|600||on|||||&#8220; text_text_color=&#8220;#FFFFFF&#8220; link_option_url=&#8220;@ET-DC@eyJkeW5hbWljIjp0cnVlLCJjb250ZW50IjoicG9zdF9saW5rX3VybF9wYWdlIiwic2V0dGluZ3MiOnsicG9zdF9pZCI6IjEzNTAifX0=@&#8220; global_colors_info=&#8220;{}&#8220;]<\/p>\n<p>impressum | datenschutz<\/p>\n<p>[\/et_pb_text][\/et_pb_column][et_pb_column type=&#8220;1_2&#8243; _builder_version=&#8220;4.16&#8243; _module_preset=&#8220;default&#8220; global_colors_info=&#8220;{}&#8220;][et_pb_text _builder_version=&#8220;4.18.0&#8243; _module_preset=&#8220;534cc526-6274-4e31-9e1a-7f18a5947bf1&#8243; header_4_font=&#8220;Heebo|700||on|||||&#8220; header_4_text_color=&#8220;#000000&#8243; header_4_font_size=&#8220;12px&#8220; header_4_letter_spacing=&#8220;1px&#8220; header_4_line_height=&#8220;1.2em&#8220; background_image=&#8220;https:\/\/www.rheinvirtuell.de\/Schmidt-Schule-11-2025wp-content\/uploads\/2022\/08\/line.png&#8220; background_size=&#8220;initial&#8220; background_position=&#8220;top_left&#8220; custom_margin=&#8220;||10px||false|false&#8220; custom_padding=&#8220;|||63px|false|false&#8220; header_4_font_size_tablet=&#8220;&#8220; header_4_font_size_phone=&#8220;11px&#8220; header_4_font_size_last_edited=&#8220;on|phone&#8220; global_colors_info=&#8220;{}&#8220;]<\/p>\n<h4><span style=\"color: #ffffff;\">Nehmen Sie mit uns Kontakt auf<\/span><\/h4>\n<p>[\/et_pb_text][et_pb_contact_form captcha=&#8220;off&#8220; email=&#8220;sekretariat@schmidtschule.org&#8220; success_message=&#8220;Danke f\u00fcr Ihre Anfrage&#8220; submit_button_text=&#8220;Senden&#8220; _builder_version=&#8220;4.19.0&#8243; _module_preset=&#8220;97e514a8-747c-48e8-bf47-f9428b841787&#8243; _unique_id=&#8220;1ce33646-716a-4e4a-a386-7aa04b001356&#8243; form_field_background_color=&#8220;RGBA(255,255,255,0)&#8220; form_field_text_color=&#8220;#ffffff&#8220; form_field_focus_background_color=&#8220;RGBA(255,255,255,0)&#8220; form_field_focus_text_color=&#8220;RGBA(255,255,255,0)&#8220; title_font=&#8220;|600||on|||||&#8220; captcha_text_color=&#8220;#FFFFFF&#8220; form_field_font=&#8220;|600|||||||&#8220; form_field_font_size=&#8220;14px&#8220; custom_button=&#8220;on&#8220; button_text_size=&#8220;14px&#8220; button_text_color=&#8220;#000000&#8243; button_bg_color=&#8220;#FFDD00&#8243; button_bg_image=&#8220;https:\/\/www.reinvirtuell.de\/Schmidt-Schule-Wordpress\/wp-content\/uploads\/2022\/08\/Group-97.png&#8220; button_border_width=&#8220;0px&#8220; button_border_radius=&#8220;0px&#8220; button_letter_spacing=&#8220;2px&#8220; button_font=&#8220;|700||on|||||&#8220; button_custom_margin=&#8220;20px||||false|false&#8220; button_custom_padding=&#8220;20px|40px|20px|40px|true|true&#8220; text_orientation=&#8220;left&#8220; button_bg_color_last_edited=&#8220;off|desktop&#8220; custom_css_contact_button=&#8220;background-size: 100% 100% !important;&#8220; border_width_all=&#8220;1px&#8220; border_color_all=&#8220;rgba(255,255,255,0.35)&#8220; locked=&#8220;off&#8220; global_colors_info=&#8220;{}&#8220; button_bg_color__hover_enabled=&#8220;off|desktop&#8220; button_bg_color__hover=&#8220;RGBA(255,255,255,0)&#8220; button_bg_enable_color__hover=&#8220;on&#8220;][et_pb_contact_field field_id=&#8220;Name&#8220; field_title=&#8220;Name&#8220; fullwidth_field=&#8220;on&#8220; _builder_version=&#8220;4.16&#8243; global_colors_info=&#8220;{}&#8220; button_text_size__hover_enabled=&#8220;off&#8220; button_one_text_size__hover_enabled=&#8220;off&#8220; button_two_text_size__hover_enabled=&#8220;off&#8220; button_text_color__hover_enabled=&#8220;off&#8220; button_one_text_color__hover_enabled=&#8220;off&#8220; button_two_text_color__hover_enabled=&#8220;off&#8220; button_border_width__hover_enabled=&#8220;off&#8220; button_one_border_width__hover_enabled=&#8220;off&#8220; button_two_border_width__hover_enabled=&#8220;off&#8220; button_border_color__hover_enabled=&#8220;off&#8220; button_one_border_color__hover_enabled=&#8220;off&#8220; button_two_border_color__hover_enabled=&#8220;off&#8220; button_border_radius__hover_enabled=&#8220;off&#8220; button_one_border_radius__hover_enabled=&#8220;off&#8220; button_two_border_radius__hover_enabled=&#8220;off&#8220; button_letter_spacing__hover_enabled=&#8220;off&#8220; button_one_letter_spacing__hover_enabled=&#8220;off&#8220; button_two_letter_spacing__hover_enabled=&#8220;off&#8220; button_bg_color__hover_enabled=&#8220;off&#8220; button_one_bg_color__hover_enabled=&#8220;off&#8220; button_two_bg_color__hover_enabled=&#8220;off&#8220;][\/et_pb_contact_field][et_pb_contact_field field_id=&#8220;Email&#8220; field_title=&#8220;E-Mail&#8220; field_type=&#8220;email&#8220; fullwidth_field=&#8220;on&#8220; _builder_version=&#8220;4.17.6&#8243; global_colors_info=&#8220;{}&#8220; button_text_size__hover_enabled=&#8220;off&#8220; button_one_text_size__hover_enabled=&#8220;off&#8220; button_two_text_size__hover_enabled=&#8220;off&#8220; button_text_color__hover_enabled=&#8220;off&#8220; button_one_text_color__hover_enabled=&#8220;off&#8220; button_two_text_color__hover_enabled=&#8220;off&#8220; button_border_width__hover_enabled=&#8220;off&#8220; button_one_border_width__hover_enabled=&#8220;off&#8220; button_two_border_width__hover_enabled=&#8220;off&#8220; button_border_color__hover_enabled=&#8220;off&#8220; button_one_border_color__hover_enabled=&#8220;off&#8220; button_two_border_color__hover_enabled=&#8220;off&#8220; button_border_radius__hover_enabled=&#8220;off&#8220; button_one_border_radius__hover_enabled=&#8220;off&#8220; button_two_border_radius__hover_enabled=&#8220;off&#8220; button_letter_spacing__hover_enabled=&#8220;off&#8220; button_one_letter_spacing__hover_enabled=&#8220;off&#8220; button_two_letter_spacing__hover_enabled=&#8220;off&#8220; button_bg_color__hover_enabled=&#8220;off&#8220; button_one_bg_color__hover_enabled=&#8220;off&#8220; button_two_bg_color__hover_enabled=&#8220;off&#8220;][\/et_pb_contact_field][et_pb_contact_field field_id=&#8220;Message&#8220; field_title=&#8220;Ihre Nachricht&#8220; field_type=&#8220;text&#8220; fullwidth_field=&#8220;on&#8220; _builder_version=&#8220;4.19.0&#8243; global_colors_info=&#8220;{}&#8220; button_text_size__hover_enabled=&#8220;off&#8220; button_one_text_size__hover_enabled=&#8220;off&#8220; button_two_text_size__hover_enabled=&#8220;off&#8220; button_text_color__hover_enabled=&#8220;off&#8220; button_one_text_color__hover_enabled=&#8220;off&#8220; button_two_text_color__hover_enabled=&#8220;off&#8220; button_border_width__hover_enabled=&#8220;off&#8220; button_one_border_width__hover_enabled=&#8220;off&#8220; button_two_border_width__hover_enabled=&#8220;off&#8220; button_border_color__hover_enabled=&#8220;off&#8220; button_one_border_color__hover_enabled=&#8220;off&#8220; button_two_border_color__hover_enabled=&#8220;off&#8220; button_border_radius__hover_enabled=&#8220;off&#8220; button_one_border_radius__hover_enabled=&#8220;off&#8220; button_two_border_radius__hover_enabled=&#8220;off&#8220; button_letter_spacing__hover_enabled=&#8220;off&#8220; button_one_letter_spacing__hover_enabled=&#8220;off&#8220; button_two_letter_spacing__hover_enabled=&#8220;off&#8220; button_bg_color__hover_enabled=&#8220;off&#8220; button_one_bg_color__hover_enabled=&#8220;off&#8220; button_two_bg_color__hover_enabled=&#8220;off&#8220;][\/et_pb_contact_field][\/et_pb_contact_form][\/et_pb_column][\/et_pb_row][\/et_pb_section]<\/p>\n","protected":false},"excerpt":{"rendered":"<p>Impressum\/DatenschutzSchmidt-Schule Jerusalem Nablus Road 97 P.O. Box 995 | 9100 901 Jerusalem Schulleitung: Dr. Dietrich B\u00e4umer sekretariat@schmidtschule.org Telefon: +972 (0)-2-62678-70 (Arabisch \/ Englisch) Telefax: +972 (0)-2-6275321 &nbsp; Design, Layout, Umsetzung: Petra Br\u00fcggemann Schwarzwaldstr. 15 79194 Gundelfingen www.rheinvirtuell.de brueggemann@rheinvirtuell.de RECHTLICHE HINWEISE Alle Angaben auf unseren Internet-Seiten wurden sorgf\u00e4ltig gepr\u00fcft. Wir \u00fcbernehmen jedoch keine Garantie (weder ausdr\u00fccklich [&hellip;]<\/p>\n","protected":false},"author":1,"featured_media":0,"parent":0,"menu_order":0,"comment_status":"closed","ping_status":"closed","template":"","meta":{"_et_pb_use_builder":"on","_et_pb_old_content":"","_et_gb_content_width":"","footnotes":""},"class_list":["post-1350","page","type-page","status-publish","hentry"],"_links":{"self":[{"href":"https:\/\/schmidtschule.schule\/en\/wp-json\/wp\/v2\/pages\/1350","targetHints":{"allow":["GET"]}}],"collection":[{"href":"https:\/\/schmidtschule.schule\/en\/wp-json\/wp\/v2\/pages"}],"about":[{"href":"https:\/\/schmidtschule.schule\/en\/wp-json\/wp\/v2\/types\/page"}],"author":[{"embeddable":true,"href":"https:\/\/schmidtschule.schule\/en\/wp-json\/wp\/v2\/users\/1"}],"replies":[{"embeddable":true,"href":"https:\/\/schmidtschule.schule\/en\/wp-json\/wp\/v2\/comments?post=1350"}],"version-history":[{"count":11,"href":"https:\/\/schmidtschule.schule\/en\/wp-json\/wp\/v2\/pages\/1350\/revisions"}],"predecessor-version":[{"id":2715,"href":"https:\/\/schmidtschule.schule\/en\/wp-json\/wp\/v2\/pages\/1350\/revisions\/2715"}],"wp:attachment":[{"href":"https:\/\/schmidtschule.schule\/en\/wp-json\/wp\/v2\/media?parent=1350"}],"curies":[{"name":"wp","href":"https:\/\/api.w.org\/{rel}","templated":true}]}}